{"id":76,"date":"2014-05-05T13:08:23","date_gmt":"2014-05-05T13:08:23","guid":{"rendered":"http:\/\/web468.server33.configcenter.info\/Wordpress\/?page_id=76"},"modified":"2014-09-08T15:19:02","modified_gmt":"2014-09-08T15:19:02","slug":"office-yoga","status":"publish","type":"page","link":"http:\/\/yolandia.eu\/en\/yoga\/office-yoga\/","title":{"rendered":"Office Yoga"},"content":{"rendered":"<p>auch Business Yoga genannt, richten sich vor allem an Menschen, die viele Stunden am Tag sitzend sowie am Bildschirm arbeitend verbringen. Ausgleichende \u00dcbungseinheiten f\u00fcr R\u00fccken, Nacken und Gelenke bringen frische Energie und mehr Konzentration in den Arbeitstag hinein.Durch regelma\u0308\u00dfige Praxis profitieren Sie von wohltuenden Ausgleich zum Arbeitsalltag und reduziert die Folgen von Stress und Bewegungsmangel.<\/p>\n","protected":false},"excerpt":{"rendered":"<p>auch Business Yoga genannt, richten sich vor allem an Menschen, die viele Stunden am Tag sitzend sowie am Bildschirm arbeitend verbringen. Ausgleichende \u00dcbungseinheiten f\u00fcr R\u00fccken, Nacken und Gelenke bringen frische Energie und mehr Konzentration in den Arbeitstag hinein.Durch regelma\u0308\u00dfige Praxis<\/p>\n","protected":false},"author":2,"featured_media":0,"parent":11,"menu_order":0,"comment_status":"closed","ping_status":"open","template":"","meta":{"_acf_changed":false,"footnotes":""},"acf":[],"_links":{"self":[{"href":"http:\/\/yolandia.eu\/en\/wp-json\/wp\/v2\/pages\/76"}],"collection":[{"href":"http:\/\/yolandia.eu\/en\/wp-json\/wp\/v2\/pages"}],"about":[{"href":"http:\/\/yolandia.eu\/en\/wp-json\/wp\/v2\/types\/page"}],"author":[{"embeddable":true,"href":"http:\/\/yolandia.eu\/en\/wp-json\/wp\/v2\/users\/2"}],"replies":[{"embeddable":true,"href":"http:\/\/yolandia.eu\/en\/wp-json\/wp\/v2\/comments?post=76"}],"version-history":[{"count":2,"href":"http:\/\/yolandia.eu\/en\/wp-json\/wp\/v2\/pages\/76\/revisions"}],"predecessor-version":[{"id":210,"href":"http:\/\/yolandia.eu\/en\/wp-json\/wp\/v2\/pages\/76\/revisions\/210"}],"up":[{"embeddable":true,"href":"http:\/\/yolandia.eu\/en\/wp-json\/wp\/v2\/pages\/11"}],"wp:attachment":[{"href":"http:\/\/yolandia.eu\/en\/wp-json\/wp\/v2\/media?parent=76"}],"curies":[{"name":"wp","href":"https:\/\/api.w.org\/{rel}","templated":true}]}}